{"id":1560,"date":"2026-02-23T12:08:33","date_gmt":"2026-02-23T15:08:33","guid":{"rendered":"https:\/\/nagatoinformatica.com.br\/?post_type=product&#038;p=1560"},"modified":"2026-02-23T12:09:48","modified_gmt":"2026-02-23T15:09:48","slug":"camera-vhd-1220-full-color","status":"publish","type":"product","link":"https:\/\/nagatoinformatica.com.br\/?product=camera-vhd-1220-full-color","title":{"rendered":"C\u00e2mera vhd 1220 full color"},"content":{"rendered":"<ul class=\"ui-vpp-highlighted-specs__features-list\">\n<li class=\"ui-vpp-highlighted-specs__features-list-item ui-pdp-color--BLACK ui-pdp-size--XSMALL ui-pdp-family--REGULAR\">C\u00c2MERA INTELBRAS VHD 1220 B LENTE 2,8 MM FULL COLOR VHD 1220 FULL COLOR C\u00e2mera Full Color Multi HD Perfeita para projetos com monitoramento noturno, proporcionando imagens coloridas, mesmo na escurid\u00e3o total, em defini\u00e7\u00e3o Full HD (1080p). Alto desempenho noturno A VHD 1220 Full Color possui um sensor com alta sensibilidade, capaz de gerar imagens coloridas 24 horas por dia, mesmo sem qualquer luminosidade\u00b9. \u00b9O LED do produto deve estar habilitado. Amplie sua vis\u00e3o 109\u00ba GRAUS O modelo possui sensor de imagem com \u00e2ngulo de abertura ideal para monitorar ambientes amplos e se adequar \u00e0s diversas aplica\u00e7\u00f5es. Maior defini\u00e7\u00e3o de imagem (Full HD) Perfeita para quem deseja imagens em alta resolu\u00e7\u00e3o, a c\u00e2mera Full HD 1080p proporciona imagens mais n\u00edtidas e ricas em detalhes. Mais prote\u00e7\u00e3o com durabilidade A VHD 1220 Full Color tem circuito adicional de prote\u00e7\u00e3o contra surto de tens\u00e3o e case de prote\u00e7\u00e3o IP67, que mant\u00e9m a alimenta\u00e7\u00e3o e o sinal de v\u00eddeo.<\/li>\n<\/ul>\n","protected":false},"excerpt":{"rendered":"<ul class=\"ui-vpp-highlighted-specs__features-list\">\n<li class=\"ui-vpp-highlighted-specs__features-list-item ui-pdp-color--BLACK ui-pdp-size--XSMALL ui-pdp-family--REGULAR\">C\u00e2mera com resolu\u00e7\u00e3o Full HD de 2MP para imagens n\u00edtidas e ricas em detalhes.<\/li>\n<li class=\"ui-vpp-highlighted-specs__features-list-item ui-pdp-color--BLACK ui-pdp-size--XSMALL ui-pdp-family--REGULAR\">Sensor com alta sensibilidade para vis\u00e3o noturna colorida.<\/li>\n<li class=\"ui-vpp-highlighted-specs__features-list-item ui-pdp-color--BLACK ui-pdp-size--XSMALL ui-pdp-family--REGULAR\">Campo visual de 109 graus para monitoramento amplo.<\/li>\n<li class=\"ui-vpp-highlighted-specs__features-list-item ui-pdp-color--BLACK ui-pdp-size--XSMALL ui-pdp-family--REGULAR\">Classifica\u00e7\u00e3o de resist\u00eancia \u00e0 \u00e1gua IP66 para uso externo.<\/li>\n<li class=\"ui-vpp-highlighted-specs__features-list-item ui-pdp-color--BLACK ui-pdp-size--XSMALL ui-pdp-family--REGULAR\">Dist\u00e2ncia de alcance noturno de at\u00e9 20 metros.<\/li>\n<li class=\"ui-vpp-highlighted-specs__features-list-item ui-pdp-color--BLACK ui-pdp-size--XSMALL ui-pdp-family--REGULAR\">Alimenta\u00e7\u00e3o por corrente el\u00e9trica com pot\u00eancia de 2.4 W.<\/li>\n<\/ul>\n","protected":false},"featured_media":1561,"comment_status":"closed","ping_status":"closed","template":"","meta":{"site-sidebar-layout":"default","site-content-layout":"","ast-site-content-layout":"default","site-content-style":"default","site-sidebar-style":"default","ast-global-header-display":"","ast-banner-title-visibility":"","ast-main-header-display":"","ast-hfb-above-header-display":"","ast-hfb-below-header-display":"","ast-hfb-mobile-header-display":"","site-post-title":"","ast-breadcrumbs-content":"","ast-featured-img":"","footer-sml-layout":"","ast-disable-related-posts":"","theme-transparent-header-meta":"default","adv-header-id-meta":"","stick-header-meta":"","header-above-stick-meta":"","header-main-stick-meta":"","header-below-stick-meta":"","astra-migrate-meta-layouts":"set","ast-page-background-enabled":"default","ast-page-background-meta":{"desktop":{"background-color":"","background-image":"","background-repeat":"repeat","background-position":"center center","background-size":"auto","background-attachment":"scroll","background-type":"","background-media":"","overlay-type":"","overlay-color":"","overlay-opacity":"","overlay-gradient":""},"tablet":{"background-color":"","background-image":"","background-repeat":"repeat","background-position":"center center","background-size":"auto","background-attachment":"scroll","background-type":"","background-media":"","overlay-type":"","overlay-color":"","overlay-opacity":"","overlay-gradient":""},"mobile":{"background-color":"","background-image":"","background-repeat":"repeat","background-position":"center center","background-size":"auto","background-attachment":"scroll","background-type":"","background-media":"","overlay-type":"","overlay-color":"","overlay-opacity":"","overlay-gradient":""}},"ast-content-background-meta":{"desktop":{"background-color":"var(--ast-global-color-5)","background-image":"","background-repeat":"repeat","background-position":"center center","background-size":"auto","background-attachment":"scroll","background-type":"","background-media":"","overlay-type":"","overlay-color":"","overlay-opacity":"","overlay-gradient":""},"tablet":{"background-color":"var(--ast-global-color-5)","background-image":"","background-repeat":"repeat","background-position":"center center","background-size":"auto","background-attachment":"scroll","background-type":"","background-media":"","overlay-type":"","overlay-color":"","overlay-opacity":"","overlay-gradient":""},"mobile":{"background-color":"var(--ast-global-color-5)","background-image":"","background-repeat":"repeat","background-position":"center center","background-size":"auto","background-attachment":"scroll","background-type":"","background-media":"","overlay-type":"","overlay-color":"","overlay-opacity":"","overlay-gradient":""}}},"product_brand":[],"product_cat":[26],"product_tag":[],"class_list":{"0":"post-1560","1":"product","2":"type-product","3":"status-publish","4":"has-post-thumbnail","6":"product_cat-sem-categoria","7":"desktop-align-left","8":"tablet-align-left","9":"mobile-align-left","11":"first","12":"onbackorder","13":"shipping-taxable","14":"purchasable","15":"product-type-simple"},"jetpack_sharing_enabled":true,"_links":{"self":[{"href":"https:\/\/nagatoinformatica.com.br\/index.php?rest_route=\/wp\/v2\/product\/1560","targetHints":{"allow":["GET"]}}],"collection":[{"href":"https:\/\/nagatoinformatica.com.br\/index.php?rest_route=\/wp\/v2\/product"}],"about":[{"href":"https:\/\/nagatoinformatica.com.br\/index.php?rest_route=\/wp\/v2\/types\/product"}],"replies":[{"embeddable":true,"href":"https:\/\/nagatoinformatica.com.br\/index.php?rest_route=%2Fwp%2Fv2%2Fcomments&post=1560"}],"wp:featuredmedia":[{"embeddable":true,"href":"https:\/\/nagatoinformatica.com.br\/index.php?rest_route=\/wp\/v2\/media\/1561"}],"wp:attachment":[{"href":"https:\/\/nagatoinformatica.com.br\/index.php?rest_route=%2Fwp%2Fv2%2Fmedia&parent=1560"}],"wp:term":[{"taxonomy":"product_brand","embeddable":true,"href":"https:\/\/nagatoinformatica.com.br\/index.php?rest_route=%2Fwp%2Fv2%2Fproduct_brand&post=1560"},{"taxonomy":"product_cat","embeddable":true,"href":"https:\/\/nagatoinformatica.com.br\/index.php?rest_route=%2Fwp%2Fv2%2Fproduct_cat&post=1560"},{"taxonomy":"product_tag","embeddable":true,"href":"https:\/\/nagatoinformatica.com.br\/index.php?rest_route=%2Fwp%2Fv2%2Fproduct_tag&post=1560"}],"curies":[{"name":"wp","href":"https:\/\/api.w.org\/{rel}","templated":true}]}}