{"id":1506,"date":"2024-11-21T10:43:16","date_gmt":"2024-11-21T13:43:16","guid":{"rendered":"https:\/\/nagatoinformatica.com.br\/?post_type=product&#038;p=1506"},"modified":"2024-11-21T10:46:12","modified_gmt":"2024-11-21T13:46:12","slug":"cabo-coaxial-cftv-cameras-seguranca-dupla-blindagem-100mt","status":"publish","type":"product","link":"https:\/\/nagatoinformatica.com.br\/?product=cabo-coaxial-cftv-cameras-seguranca-dupla-blindagem-100mt","title":{"rendered":"Cabo Coaxial cftv c\u00e2meras seguran\u00e7a Dupla Blindagem 100Mt"},"content":{"rendered":"<h2 class=\"ui-pdp-description__title\">Descri\u00e7\u00e3o<\/h2>\n<p class=\"ui-pdp-description__content\">Cabo coaxial bipolar blindado para instala\u00e7\u00f5es de CFTV, adequado para uso dom\u00e9stico, predial e em escrit\u00f3rios, ideal para projetos que exigem qualidade em sistema de circuito fechado de televis\u00e3o. Este cabo segue padr\u00f5es rigorosos e \u00e9 homologado, com isola\u00e7\u00e3o de polietileno s\u00f3lido e cobertura de composto termopl\u00e1stico \u00e0 base de cloreto de polivinila (PVC). Conta com alimenta\u00e7\u00e3o bipolar, incluindo cabo positivo e negativo.<\/p>\n<p>Especifica\u00e7\u00f5es t\u00e9cnicas:<\/p>\n<p>Alimenta\u00e7\u00e3o: 2&#215;26 AWG<\/p>\n<p>Di\u00e2metro do condutor(mm): 0,5<\/p>\n<p>Di\u00e2metro nominal da isola\u00e7\u00e3o(mm): 2,5<\/p>\n<p>Espessura nominal da capa(mm): 0,5<\/p>\n<p>Di\u00e2metro nominal externo(mm): 3,8<\/p>\n<p>Imped\u00e2ncia nominal: 75 ohms<\/p>\n<p>Tamanho: 100 metros<\/p>\n","protected":false},"excerpt":{"rendered":"<h2 class=\"ui-pdp-description__title\">Descri\u00e7\u00e3o<\/h2>\n<p class=\"ui-pdp-description__content\">Cabo coaxial bipolar blindado para instala\u00e7\u00f5es de CFTV, adequado para uso dom\u00e9stico, predial e em escrit\u00f3rios, ideal para projetos que exigem qualidade em sistema de circuito fechado de televis\u00e3o. Este cabo segue padr\u00f5es rigorosos e \u00e9 homologado, com isola\u00e7\u00e3o de polietileno s\u00f3lido e cobertura de composto termopl\u00e1stico \u00e0 base de cloreto de polivinila (PVC). Conta com alimenta\u00e7\u00e3o bipolar, incluindo cabo positivo e negativo.<\/p>\n","protected":false},"featured_media":1507,"comment_status":"closed","ping_status":"closed","template":"","meta":{"site-sidebar-layout":"default","site-content-layout":"","ast-site-content-layout":"default","site-content-style":"default","site-sidebar-style":"default","ast-global-header-display":"","ast-banner-title-visibility":"","ast-main-header-display":"","ast-hfb-above-header-display":"","ast-hfb-below-header-display":"","ast-hfb-mobile-header-display":"","site-post-title":"","ast-breadcrumbs-content":"","ast-featured-img":"","footer-sml-layout":"","ast-disable-related-posts":"","theme-transparent-header-meta":"default","adv-header-id-meta":"","stick-header-meta":"","header-above-stick-meta":"","header-main-stick-meta":"","header-below-stick-meta":"","astra-migrate-meta-layouts":"set","ast-page-background-enabled":"default","ast-page-background-meta":{"desktop":{"background-color":"","background-image":"","background-repeat":"repeat","background-position":"center center","background-size":"auto","background-attachment":"scroll","background-type":"","background-media":"","overlay-type":"","overlay-color":"","overlay-opacity":"","overlay-gradient":""},"tablet":{"background-color":"","background-image":"","background-repeat":"repeat","background-position":"center center","background-size":"auto","background-attachment":"scroll","background-type":"","background-media":"","overlay-type":"","overlay-color":"","overlay-opacity":"","overlay-gradient":""},"mobile":{"background-color":"","background-image":"","background-repeat":"repeat","background-position":"center center","background-size":"auto","background-attachment":"scroll","background-type":"","background-media":"","overlay-type":"","overlay-color":"","overlay-opacity":"","overlay-gradient":""}},"ast-content-background-meta":{"desktop":{"background-color":"var(--ast-global-color-5)","background-image":"","background-repeat":"repeat","background-position":"center center","background-size":"auto","background-attachment":"scroll","background-type":"","background-media":"","overlay-type":"","overlay-color":"","overlay-opacity":"","overlay-gradient":""},"tablet":{"background-color":"var(--ast-global-color-5)","background-image":"","background-repeat":"repeat","background-position":"center center","background-size":"auto","background-attachment":"scroll","background-type":"","background-media":"","overlay-type":"","overlay-color":"","overlay-opacity":"","overlay-gradient":""},"mobile":{"background-color":"var(--ast-global-color-5)","background-image":"","background-repeat":"repeat","background-position":"center center","background-size":"auto","background-attachment":"scroll","background-type":"","background-media":"","overlay-type":"","overlay-color":"","overlay-opacity":"","overlay-gradient":""}}},"product_brand":[],"product_cat":[28],"product_tag":[],"class_list":{"0":"post-1506","1":"product","2":"type-product","3":"status-publish","4":"has-post-thumbnail","6":"product_cat-cftv","7":"desktop-align-left","8":"tablet-align-left","9":"mobile-align-left","11":"first","12":"onbackorder","13":"shipping-taxable","14":"purchasable","15":"product-type-simple"},"jetpack_sharing_enabled":true,"_links":{"self":[{"href":"https:\/\/nagatoinformatica.com.br\/index.php?rest_route=\/wp\/v2\/product\/1506","targetHints":{"allow":["GET"]}}],"collection":[{"href":"https:\/\/nagatoinformatica.com.br\/index.php?rest_route=\/wp\/v2\/product"}],"about":[{"href":"https:\/\/nagatoinformatica.com.br\/index.php?rest_route=\/wp\/v2\/types\/product"}],"replies":[{"embeddable":true,"href":"https:\/\/nagatoinformatica.com.br\/index.php?rest_route=%2Fwp%2Fv2%2Fcomments&post=1506"}],"wp:featuredmedia":[{"embeddable":true,"href":"https:\/\/nagatoinformatica.com.br\/index.php?rest_route=\/wp\/v2\/media\/1507"}],"wp:attachment":[{"href":"https:\/\/nagatoinformatica.com.br\/index.php?rest_route=%2Fwp%2Fv2%2Fmedia&parent=1506"}],"wp:term":[{"taxonomy":"product_brand","embeddable":true,"href":"https:\/\/nagatoinformatica.com.br\/index.php?rest_route=%2Fwp%2Fv2%2Fproduct_brand&post=1506"},{"taxonomy":"product_cat","embeddable":true,"href":"https:\/\/nagatoinformatica.com.br\/index.php?rest_route=%2Fwp%2Fv2%2Fproduct_cat&post=1506"},{"taxonomy":"product_tag","embeddable":true,"href":"https:\/\/nagatoinformatica.com.br\/index.php?rest_route=%2Fwp%2Fv2%2Fproduct_tag&post=1506"}],"curies":[{"name":"wp","href":"https:\/\/api.w.org\/{rel}","templated":true}]}}