{"id":1448,"date":"2023-11-09T11:54:28","date_gmt":"2023-11-09T14:54:28","guid":{"rendered":"https:\/\/nagatoinformatica.com.br\/?post_type=product&#038;p=1448"},"modified":"2023-11-09T11:54:28","modified_gmt":"2023-11-09T14:54:28","slug":"adaptador-receptor-bluetooth-usb-pendrive-carro-musica","status":"publish","type":"product","link":"https:\/\/nagatoinformatica.com.br\/?product=adaptador-receptor-bluetooth-usb-pendrive-carro-musica","title":{"rendered":"Adaptador Receptor Bluetooth Usb Pendrive Carro Musica"},"content":{"rendered":"<p>Especifica\u00e7\u00f5es:<br \/>\nProduto: Receptor Bluetooth adaptador P2<br \/>\nAlimenta\u00e7\u00e3o USB:5v<br \/>\nCores: Preto e Branco (ENVIO ALEAT\u00d3RIO)<br \/>\nPossivel parear qualquer dispositivo de audio com saida Bluetooth<br \/>\nO \u00e1udio n\u00e3o \u00e9 entregue pela saida USB, somente na entrada P2<br \/>\nSuporte a A2DP, AVRCP, AVDTP, HFP e HSP<br \/>\nSuporte a \u00e1udio est\u00e9reo<br \/>\nAlcance m\u00e1ximo de 10 metros<br \/>\nSa\u00edda:USB<\/p>\n","protected":false},"excerpt":{"rendered":"<p>Ideal para conectar ao som do carro, no micro-system, mesa de som ou caixas ac\u00fasticas com entrada P2. Ou\u00e7a suas m\u00fasicas do iPod, iPhone, iPad, tablete, computador ou Smartphone transmitindo sinal via Bluetooth sem a necessidade de cabos.<\/p>\n","protected":false},"featured_media":1449,"comment_status":"closed","ping_status":"closed","template":"","meta":{"site-sidebar-layout":"default","site-content-layout":"","ast-site-content-layout":"default","site-content-style":"default","site-sidebar-style":"default","ast-global-header-display":"","ast-banner-title-visibility":"","ast-main-header-display":"","ast-hfb-above-header-display":"","ast-hfb-below-header-display":"","ast-hfb-mobile-header-display":"","site-post-title":"","ast-breadcrumbs-content":"","ast-featured-img":"","footer-sml-layout":"","ast-disable-related-posts":"","theme-transparent-header-meta":"default","adv-header-id-meta":"","stick-header-meta":"","header-above-stick-meta":"","header-main-stick-meta":"","header-below-stick-meta":"","astra-migrate-meta-layouts":"set","ast-page-background-enabled":"default","ast-page-background-meta":{"desktop":{"background-color":"","background-image":"","background-repeat":"repeat","background-position":"center center","background-size":"auto","background-attachment":"scroll","background-type":"","background-media":"","overlay-type":"","overlay-color":"","overlay-opacity":"","overlay-gradient":""},"tablet":{"background-color":"","background-image":"","background-repeat":"repeat","background-position":"center center","background-size":"auto","background-attachment":"scroll","background-type":"","background-media":"","overlay-type":"","overlay-color":"","overlay-opacity":"","overlay-gradient":""},"mobile":{"background-color":"","background-image":"","background-repeat":"repeat","background-position":"center center","background-size":"auto","background-attachment":"scroll","background-type":"","background-media":"","overlay-type":"","overlay-color":"","overlay-opacity":"","overlay-gradient":""}},"ast-content-background-meta":{"desktop":{"background-color":"var(--ast-global-color-5)","background-image":"","background-repeat":"repeat","background-position":"center center","background-size":"auto","background-attachment":"scroll","background-type":"","background-media":"","overlay-type":"","overlay-color":"","overlay-opacity":"","overlay-gradient":""},"tablet":{"background-color":"var(--ast-global-color-5)","background-image":"","background-repeat":"repeat","background-position":"center center","background-size":"auto","background-attachment":"scroll","background-type":"","background-media":"","overlay-type":"","overlay-color":"","overlay-opacity":"","overlay-gradient":""},"mobile":{"background-color":"var(--ast-global-color-5)","background-image":"","background-repeat":"repeat","background-position":"center center","background-size":"auto","background-attachment":"scroll","background-type":"","background-media":"","overlay-type":"","overlay-color":"","overlay-opacity":"","overlay-gradient":""}}},"product_brand":[],"product_cat":[26],"product_tag":[],"class_list":{"0":"post-1448","1":"product","2":"type-product","3":"status-publish","4":"has-post-thumbnail","6":"product_cat-sem-categoria","7":"desktop-align-left","8":"tablet-align-left","9":"mobile-align-left","11":"first","12":"onbackorder","13":"shipping-taxable","14":"purchasable","15":"product-type-simple"},"jetpack_sharing_enabled":true,"_links":{"self":[{"href":"https:\/\/nagatoinformatica.com.br\/index.php?rest_route=\/wp\/v2\/product\/1448","targetHints":{"allow":["GET"]}}],"collection":[{"href":"https:\/\/nagatoinformatica.com.br\/index.php?rest_route=\/wp\/v2\/product"}],"about":[{"href":"https:\/\/nagatoinformatica.com.br\/index.php?rest_route=\/wp\/v2\/types\/product"}],"replies":[{"embeddable":true,"href":"https:\/\/nagatoinformatica.com.br\/index.php?rest_route=%2Fwp%2Fv2%2Fcomments&post=1448"}],"wp:featuredmedia":[{"embeddable":true,"href":"https:\/\/nagatoinformatica.com.br\/index.php?rest_route=\/wp\/v2\/media\/1449"}],"wp:attachment":[{"href":"https:\/\/nagatoinformatica.com.br\/index.php?rest_route=%2Fwp%2Fv2%2Fmedia&parent=1448"}],"wp:term":[{"taxonomy":"product_brand","embeddable":true,"href":"https:\/\/nagatoinformatica.com.br\/index.php?rest_route=%2Fwp%2Fv2%2Fproduct_brand&post=1448"},{"taxonomy":"product_cat","embeddable":true,"href":"https:\/\/nagatoinformatica.com.br\/index.php?rest_route=%2Fwp%2Fv2%2Fproduct_cat&post=1448"},{"taxonomy":"product_tag","embeddable":true,"href":"https:\/\/nagatoinformatica.com.br\/index.php?rest_route=%2Fwp%2Fv2%2Fproduct_tag&post=1448"}],"curies":[{"name":"wp","href":"https:\/\/api.w.org\/{rel}","templated":true}]}}