{"id":1444,"date":"2023-11-09T10:51:22","date_gmt":"2023-11-09T13:51:22","guid":{"rendered":"https:\/\/nagatoinformatica.com.br\/?post_type=product&#038;p=1444"},"modified":"2023-11-09T10:51:22","modified_gmt":"2023-11-09T13:51:22","slug":"fio-espiral-para-telefone-internet-rj11-preto-2metros","status":"publish","type":"product","link":"https:\/\/nagatoinformatica.com.br\/?product=fio-espiral-para-telefone-internet-rj11-preto-2metros","title":{"rendered":"Fio Espiral Para Telefone, Internet | Rj11 Preto 2metros"},"content":{"rendered":"<p>&#8211; Comprimento: 2 metros<br \/>\n&#8211; Conector: RJ11 macho em ambas as extremidades<br \/>\n&#8211; Cor: Preto<br \/>\n&#8211; Conector: 4P4C<\/p>\n","protected":false},"excerpt":{"rendered":"<p>O cabo de telefone RJ11 Preto Espiral de 2 metros \u00e9 um produto projetado para conectar telefones fixos \u00e0 tomada de parede. Com seus 2 metros de comprimento, ele oferece flexibilidade e alcance suficiente para instalar o telefone em locais convenientes dentro de uma resid\u00eancia ou escrit\u00f3rio. O conector RJ11 garante uma conex\u00e3o segura e confi\u00e1vel entre o telefone e a tomada.<\/p>\n<p>~~~~~~~~ Especifica\u00e7\u00f5es do Produto ~~~~~~~~<\/p>\n<p>&#8211; Comprimento: 2 metros<br \/>\n&#8211; Conector: RJ11 macho em ambas as extremidades<br \/>\n&#8211; Cor: Preto<br \/>\n&#8211; Conector: 4P4C<\/p>\n","protected":false},"featured_media":1445,"comment_status":"closed","ping_status":"closed","template":"","meta":{"site-sidebar-layout":"default","site-content-layout":"","ast-site-content-layout":"default","site-content-style":"default","site-sidebar-style":"default","ast-global-header-display":"","ast-banner-title-visibility":"","ast-main-header-display":"","ast-hfb-above-header-display":"","ast-hfb-below-header-display":"","ast-hfb-mobile-header-display":"","site-post-title":"","ast-breadcrumbs-content":"","ast-featured-img":"","footer-sml-layout":"","ast-disable-related-posts":"","theme-transparent-header-meta":"default","adv-header-id-meta":"","stick-header-meta":"","header-above-stick-meta":"","header-main-stick-meta":"","header-below-stick-meta":"","astra-migrate-meta-layouts":"set","ast-page-background-enabled":"default","ast-page-background-meta":{"desktop":{"background-color":"","background-image":"","background-repeat":"repeat","background-position":"center center","background-size":"auto","background-attachment":"scroll","background-type":"","background-media":"","overlay-type":"","overlay-color":"","overlay-opacity":"","overlay-gradient":""},"tablet":{"background-color":"","background-image":"","background-repeat":"repeat","background-position":"center center","background-size":"auto","background-attachment":"scroll","background-type":"","background-media":"","overlay-type":"","overlay-color":"","overlay-opacity":"","overlay-gradient":""},"mobile":{"background-color":"","background-image":"","background-repeat":"repeat","background-position":"center center","background-size":"auto","background-attachment":"scroll","background-type":"","background-media":"","overlay-type":"","overlay-color":"","overlay-opacity":"","overlay-gradient":""}},"ast-content-background-meta":{"desktop":{"background-color":"var(--ast-global-color-5)","background-image":"","background-repeat":"repeat","background-position":"center center","background-size":"auto","background-attachment":"scroll","background-type":"","background-media":"","overlay-type":"","overlay-color":"","overlay-opacity":"","overlay-gradient":""},"tablet":{"background-color":"var(--ast-global-color-5)","background-image":"","background-repeat":"repeat","background-position":"center center","background-size":"auto","background-attachment":"scroll","background-type":"","background-media":"","overlay-type":"","overlay-color":"","overlay-opacity":"","overlay-gradient":""},"mobile":{"background-color":"var(--ast-global-color-5)","background-image":"","background-repeat":"repeat","background-position":"center center","background-size":"auto","background-attachment":"scroll","background-type":"","background-media":"","overlay-type":"","overlay-color":"","overlay-opacity":"","overlay-gradient":""}}},"product_brand":[],"product_cat":[26],"product_tag":[],"class_list":{"0":"post-1444","1":"product","2":"type-product","3":"status-publish","4":"has-post-thumbnail","6":"product_cat-sem-categoria","7":"desktop-align-left","8":"tablet-align-left","9":"mobile-align-left","11":"first","12":"instock","13":"shipping-taxable","14":"purchasable","15":"product-type-simple"},"jetpack_sharing_enabled":true,"_links":{"self":[{"href":"https:\/\/nagatoinformatica.com.br\/index.php?rest_route=\/wp\/v2\/product\/1444","targetHints":{"allow":["GET"]}}],"collection":[{"href":"https:\/\/nagatoinformatica.com.br\/index.php?rest_route=\/wp\/v2\/product"}],"about":[{"href":"https:\/\/nagatoinformatica.com.br\/index.php?rest_route=\/wp\/v2\/types\/product"}],"replies":[{"embeddable":true,"href":"https:\/\/nagatoinformatica.com.br\/index.php?rest_route=%2Fwp%2Fv2%2Fcomments&post=1444"}],"wp:featuredmedia":[{"embeddable":true,"href":"https:\/\/nagatoinformatica.com.br\/index.php?rest_route=\/wp\/v2\/media\/1445"}],"wp:attachment":[{"href":"https:\/\/nagatoinformatica.com.br\/index.php?rest_route=%2Fwp%2Fv2%2Fmedia&parent=1444"}],"wp:term":[{"taxonomy":"product_brand","embeddable":true,"href":"https:\/\/nagatoinformatica.com.br\/index.php?rest_route=%2Fwp%2Fv2%2Fproduct_brand&post=1444"},{"taxonomy":"product_cat","embeddable":true,"href":"https:\/\/nagatoinformatica.com.br\/index.php?rest_route=%2Fwp%2Fv2%2Fproduct_cat&post=1444"},{"taxonomy":"product_tag","embeddable":true,"href":"https:\/\/nagatoinformatica.com.br\/index.php?rest_route=%2Fwp%2Fv2%2Fproduct_tag&post=1444"}],"curies":[{"name":"wp","href":"https:\/\/api.w.org\/{rel}","templated":true}]}}