{"id":1272,"date":"2023-08-01T16:24:37","date_gmt":"2023-08-01T19:24:37","guid":{"rendered":"https:\/\/nagatoinformatica.com.br\/?page_id=1272"},"modified":"2023-08-30T10:52:04","modified_gmt":"2023-08-30T13:52:04","slug":"agenda-online","status":"publish","type":"page","link":"https:\/\/nagatoinformatica.com.br\/?page_id=1272","title":{"rendered":"Agenda Online"},"content":{"rendered":"\t\t<div data-elementor-type=\"wp-page\" data-elementor-id=\"1272\" class=\"elementor elementor-1272\">\n\t\t\t\t<div class=\"elementor-element elementor-element-953add5 e-flex e-con-boxed e-con e-parent\" data-id=\"953add5\" data-element_type=\"container\" data-e-type=\"container\">\n\t\t\t\t\t<div class=\"e-con-inner\">\n\t\t<div class=\"elementor-element elementor-element-5c8cada e-con-full e-flex e-con e-child\" data-id=\"5c8cada\" data-element_type=\"container\" data-e-type=\"container\">\n\t\t\t\t<div class=\"elementor-element elementor-element-1a4845f elementor-widget__width-initial elementor-widget elementor-widget-text-editor\" data-id=\"1a4845f\" data-element_type=\"widget\" data-e-type=\"widget\" data-widget_type=\"text-editor.default\">\n\t\t\t\t<div class=\"elementor-widget-container\">\n\t\t\t\t\t\t\t\t\t<p><b style=\"font-style: inherit; background-color: var(--ast-global-color-4); color: var(--ast-global-color-3);\"><br>Escolha a data e hora para seu atendimento.<\/b><br><\/p>\n<p><b><u><i>Aten\u00e7\u00e3o:<\/i><\/u><\/b> fa\u00e7a seu agendamento com responsabilidade. Veja sua disponibilidade e tempos antes de efetuar o mesmo.<\/p>\n<p>Caso o atendimento precise ultrapassar o tempo de 60 minutos, ser\u00e1 combinado durante o atendimento previamente.<\/p>\t\t\t\t\t\t\t\t<\/div>\n\t\t\t\t<\/div>\n\t\t\t\t<\/div>\n\t\t<div class=\"elementor-element elementor-element-2df245c e-con-full e-flex e-con e-child\" data-id=\"2df245c\" data-element_type=\"container\" data-e-type=\"container\">\n\t\t\t\t<div class=\"elementor-element elementor-element-add4da1 elementor-widget elementor-widget-image\" data-id=\"add4da1\" data-element_type=\"widget\" data-e-type=\"widget\" data-widget_type=\"image.default\">\n\t\t\t\t<div class=\"elementor-widget-container\">\n\t\t\t\t\t\t\t\t\t\t\t\t\t\t\t<img fetchpriority=\"high\" decoding=\"async\" width=\"639\" height=\"336\" src=\"https:\/\/nagatoinformatica.com.br\/wp-content\/uploads\/2023\/08\/agenda.png\" class=\"attachment-large size-large wp-image-1315\" alt=\"\" srcset=\"https:\/\/nagatoinformatica.com.br\/wp-content\/uploads\/2023\/08\/agenda.png 639w, https:\/\/nagatoinformatica.com.br\/wp-content\/uploads\/2023\/08\/agenda-300x158.png 300w\" sizes=\"(max-width: 639px) 100vw, 639px\" \/>\t\t\t\t\t\t\t\t\t\t\t\t\t\t\t<\/div>\n\t\t\t\t<\/div>\n\t\t\t\t<\/div>\n\t\t<div class=\"elementor-element elementor-element-d240694 e-con-full e-flex e-con e-child\" data-id=\"d240694\" data-element_type=\"container\" data-e-type=\"container\">\n\t\t\t\t<div class=\"elementor-element elementor-element-5d1b772 elementor-widget elementor-widget-html\" data-id=\"5d1b772\" data-element_type=\"widget\" data-e-type=\"widget\" data-widget_type=\"html.default\">\n\t\t\t\t<div class=\"elementor-widget-container\">\n\t\t\t\t\t<!-- Google Calendar Appointment Scheduling begin -->\r\n<iframe src=\"https:\/\/calendar.google.com\/calendar\/appointments\/schedules\/AcZssZ3oMj4zg18fhqrQniHGnoSEJALuMkURNHkutfUzSQP5zQBekzZ57SfXLZq9563Fwx5Oc9jQhcbl?gv=true\" style=\"border: 0\" width=\"100%\" height=\"600\" frameborder=\"0\"><\/iframe>\r\n<!-- end Google Calendar Appointment Scheduling -->\t\t\t\t<\/div>\n\t\t\t\t<\/div>\n\t\t\t\t<\/div>\n\t\t\t\t\t<\/div>\n\t\t\t\t<\/div>\n\t\t\t\t<\/div>\n\t\t","protected":false},"excerpt":{"rendered":"<p>Escolha a data e hora para seu atendimento. Aten\u00e7\u00e3o: fa\u00e7a seu agendamento com responsabilidade. Veja sua disponibilidade e tempos antes de efetuar o mesmo. Caso o atendimento precise ultrapassar o tempo de 60 minutos, ser\u00e1 combinado durante o atendimento previamente.<\/p>\n","protected":false},"author":2,"featured_media":0,"parent":0,"menu_order":0,"comment_status":"closed","ping_status":"closed","template":"","meta":{"site-sidebar-layout":"no-sidebar","site-content-layout":"page-builder","ast-site-content-layout":"default","site-content-style":"default","site-sidebar-style":"default","ast-global-header-display":"","ast-banner-title-visibility":"","ast-main-header-display":"","ast-hfb-above-header-display":"","ast-hfb-below-header-display":"","ast-hfb-mobile-header-display":"","site-post-title":"disabled","ast-breadcrumbs-content":"","ast-featured-img":"disabled","footer-sml-layout":"","ast-disable-related-posts":"","theme-transparent-header-meta":"","adv-header-id-meta":"","stick-header-meta":"","header-above-stick-meta":"","header-main-stick-meta":"","header-below-stick-meta":"","astra-migrate-meta-layouts":"default","ast-page-background-enabled":"default","ast-page-background-meta":{"desktop":{"background-color":"","background-image":"","background-repeat":"repeat","background-position":"center center","background-size":"auto","background-attachment":"scroll","background-type":"","background-media":"","overlay-type":"","overlay-color":"","overlay-opacity":"","overlay-gradient":""},"tablet":{"background-color":"","background-image":"","background-repeat":"repeat","background-position":"center center","background-size":"auto","background-attachment":"scroll","background-type":"","background-media":"","overlay-type":"","overlay-color":"","overlay-opacity":"","overlay-gradient":""},"mobile":{"background-color":"","background-image":"","background-repeat":"repeat","background-position":"center center","background-size":"auto","background-attachment":"scroll","background-type":"","background-media":"","overlay-type":"","overlay-color":"","overlay-opacity":"","overlay-gradient":""}},"ast-content-background-meta":{"desktop":{"background-color":"var(--ast-global-color-5)","background-image":"","background-repeat":"repeat","background-position":"center center","background-size":"auto","background-attachment":"scroll","background-type":"","background-media":"","overlay-type":"","overlay-color":"","overlay-opacity":"","overlay-gradient":""},"tablet":{"background-color":"var(--ast-global-color-5)","background-image":"","background-repeat":"repeat","background-position":"center center","background-size":"auto","background-attachment":"scroll","background-type":"","background-media":"","overlay-type":"","overlay-color":"","overlay-opacity":"","overlay-gradient":""},"mobile":{"background-color":"var(--ast-global-color-5)","background-image":"","background-repeat":"repeat","background-position":"center center","background-size":"auto","background-attachment":"scroll","background-type":"","background-media":"","overlay-type":"","overlay-color":"","overlay-opacity":"","overlay-gradient":""}},"footnotes":""},"class_list":["post-1272","page","type-page","status-publish","hentry"],"jetpack_sharing_enabled":true,"_links":{"self":[{"href":"https:\/\/nagatoinformatica.com.br\/index.php?rest_route=\/wp\/v2\/pages\/1272","targetHints":{"allow":["GET"]}}],"collection":[{"href":"https:\/\/nagatoinformatica.com.br\/index.php?rest_route=\/wp\/v2\/pages"}],"about":[{"href":"https:\/\/nagatoinformatica.com.br\/index.php?rest_route=\/wp\/v2\/types\/page"}],"author":[{"embeddable":true,"href":"https:\/\/nagatoinformatica.com.br\/index.php?rest_route=\/wp\/v2\/users\/2"}],"replies":[{"embeddable":true,"href":"https:\/\/nagatoinformatica.com.br\/index.php?rest_route=%2Fwp%2Fv2%2Fcomments&post=1272"}],"version-history":[{"count":34,"href":"https:\/\/nagatoinformatica.com.br\/index.php?rest_route=\/wp\/v2\/pages\/1272\/revisions"}],"predecessor-version":[{"id":1318,"href":"https:\/\/nagatoinformatica.com.br\/index.php?rest_route=\/wp\/v2\/pages\/1272\/revisions\/1318"}],"wp:attachment":[{"href":"https:\/\/nagatoinformatica.com.br\/index.php?rest_route=%2Fwp%2Fv2%2Fmedia&parent=1272"}],"curies":[{"name":"wp","href":"https:\/\/api.w.org\/{rel}","templated":true}]}}